{"id":231,"date":"2021-09-07T12:35:26","date_gmt":"2021-09-07T15:35:26","guid":{"rendered":"http:\/\/innovapreven.cl\/web\/?page_id=231"},"modified":"2022-08-09T06:14:46","modified_gmt":"2022-08-09T09:14:46","slug":"consultoria-tecnica-para-emergencias","status":"publish","type":"page","link":"https:\/\/innovapreven.cl\/web\/consultoria-tecnica-para-emergencias\/","title":{"rendered":"Consultor\u00eda T\u00e9cnica para Emergencias"},"content":{"rendered":"\t\t<div data-elementor-type=\"wp-page\" data-elementor-id=\"231\" class=\"elementor elementor-231\" data-elementor-post-type=\"page\">\n\t\t\t\t\t\t<section data-particle_enable=\"false\" data-particle-mobile-disabled=\"false\" class=\"elementor-section elementor-top-section elementor-element elementor-element-236f4ae1 elementor-section-boxed elementor-section-height-default elementor-section-height-default\" data-id=\"236f4ae1\" data-element_type=\"section\" data-e-type=\"section\" data-settings=\"{&quot;background_background&quot;:&quot;classic&quot;}\">\n\t\t\t\t\t\t<div class=\"elementor-container elementor-column-gap-default\">\n\t\t\t\t\t<div class=\"elementor-column elementor-col-100 elementor-top-column elementor-element elementor-element-493732d1\" data-id=\"493732d1\" data-element_type=\"column\" data-e-type=\"column\">\n\t\t\t<div class=\"elementor-widget-wrap elementor-element-populated\">\n\t\t\t\t\t\t<div class=\"elementor-element elementor-element-69b27f4a elementor-widget elementor-widget-tbay-heading\" data-id=\"69b27f4a\" data-element_type=\"widget\" data-e-type=\"widget\" data-widget_type=\"tbay-heading.default\">\n\t\t\t\t<div class=\"elementor-widget-container\">\n\t\t\t\t\t\r\n<div class=\"tbay-element tbay-element-heading\">\r\n\t\t\t\t<h3 class=\"heading-tbay-title\">\r\n\t\t\t\t\t\t\t\t\t<span class=\"title\"><i aria-hidden=\"true\" class=\"tb-icon tb-icon-window\"><\/i>Consultor\u00eda T\u00e9cnica para Emergencias<\/span>\r\n\t\t\t\t\t    \t\r\n\t\t\t\t\t\t\t<\/h3>\r\n\t\t<\/div>\t\t\t\t<\/div>\n\t\t\t\t<\/div>\n\t\t\t\t<div class=\"elementor-element elementor-element-468a5707 elementor-widget-divider--view-line elementor-widget elementor-widget-divider\" data-id=\"468a5707\" data-element_type=\"widget\" data-e-type=\"widget\" data-widget_type=\"divider.default\">\n\t\t\t\t<div class=\"elementor-widget-container\">\n\t\t\t\t\t\t\t<div class=\"elementor-divider\">\n\t\t\t<span class=\"elementor-divider-separator\">\n\t\t\t\t\t\t<\/span>\n\t\t<\/div>\n\t\t\t\t\t\t<\/div>\n\t\t\t\t<\/div>\n\t\t\t\t\t<\/div>\n\t\t<\/div>\n\t\t\t\t\t<\/div>\n\t\t<\/section>\n\t\t\t\t<section data-particle_enable=\"false\" data-particle-mobile-disabled=\"false\" class=\"elementor-section elementor-top-section elementor-element elementor-element-f06a0d5 elementor-section-content-middle elementor-section-boxed elementor-section-height-default elementor-section-height-default\" data-id=\"f06a0d5\" data-element_type=\"section\" data-e-type=\"section\" data-settings=\"{&quot;background_background&quot;:&quot;classic&quot;}\">\n\t\t\t\t\t\t<div class=\"elementor-container elementor-column-gap-default\">\n\t\t\t\t\t<div class=\"elementor-column elementor-col-100 elementor-top-column elementor-element elementor-element-fcd0bd2\" data-id=\"fcd0bd2\" data-element_type=\"column\" data-e-type=\"column\">\n\t\t\t<div class=\"elementor-widget-wrap elementor-element-populated\">\n\t\t\t\t\t\t<div class=\"elementor-element elementor-element-3fb3766 elementor-widget elementor-widget-text-editor\" data-id=\"3fb3766\" data-element_type=\"widget\" data-e-type=\"widget\" data-widget_type=\"text-editor.default\">\n\t\t\t\t<div class=\"elementor-widget-container\">\n\t\t\t\t\t\t\t\t\t<p>No siempre hay suficiente tiempo, conocimiento o material dentro de una organizaci\u00f3n para realizar una puesta en escena o simulaci\u00f3n espec\u00edfica, para los simulacros.<\/p><p>\u00a0<\/p><p>InnovaPreven puede ayudarlo en esto, manteniendo como prioridad:<\/p><p>\u00a0<\/p><ul><li>La Seguridad<\/li><li>Rapidez y flexibilidad de escenas en simulacros<\/li><li>El respeto al medio ambiente y comunidades<\/li><\/ul>\t\t\t\t\t\t\t\t<\/div>\n\t\t\t\t<\/div>\n\t\t\t\t\t<\/div>\n\t\t<\/div>\n\t\t\t\t\t<\/div>\n\t\t<\/section>\n\t\t\t\t<section data-particle_enable=\"false\" data-particle-mobile-disabled=\"false\" class=\"elementor-section elementor-top-section elementor-element elementor-element-02c7eb6 elementor-section-boxed elementor-section-height-default elementor-section-height-default\" data-id=\"02c7eb6\" data-element_type=\"section\" data-e-type=\"section\" data-settings=\"{&quot;background_background&quot;:&quot;classic&quot;}\">\n\t\t\t\t\t\t<div class=\"elementor-container elementor-column-gap-default\">\n\t\t\t\t\t<div class=\"elementor-column elementor-col-100 elementor-top-column elementor-element elementor-element-3670feb\" data-id=\"3670feb\" data-element_type=\"column\" data-e-type=\"column\">\n\t\t\t<div class=\"elementor-widget-wrap elementor-element-populated\">\n\t\t\t\t\t\t<div class=\"elementor-element elementor-element-bed3051 elementor-widget elementor-widget-tbay-heading\" data-id=\"bed3051\" data-element_type=\"widget\" data-e-type=\"widget\" data-widget_type=\"tbay-heading.default\">\n\t\t\t\t<div class=\"elementor-widget-container\">\n\t\t\t\t\t\r\n<div class=\"tbay-element tbay-element-heading\">\r\n\t\t\t\t<div class=\"heading-tbay-title\">\r\n\t\t\t\t\t\t\t\t\t<span class=\"title\">CONSULTOR\u00cdA T\u00c9CNICA PARA EMERGENCIAS<\/span>\r\n\t\t\t\t\t    \t\r\n\t\t\t\t\t\t\t<\/div>\r\n\t\t<\/div>\t\t\t\t<\/div>\n\t\t\t\t<\/div>\n\t\t\t\t\t<\/div>\n\t\t<\/div>\n\t\t\t\t\t<\/div>\n\t\t<\/section>\n\t\t\t\t<section data-particle_enable=\"false\" data-particle-mobile-disabled=\"false\" class=\"elementor-section elementor-top-section elementor-element elementor-element-71236e6 elementor-section-boxed elementor-section-height-default elementor-section-height-default\" data-id=\"71236e6\" data-element_type=\"section\" data-e-type=\"section\">\n\t\t\t\t\t\t<div class=\"elementor-container elementor-column-gap-no\">\n\t\t\t\t\t<div class=\"elementor-column elementor-col-50 elementor-top-column elementor-element elementor-element-eac682c\" data-id=\"eac682c\" data-element_type=\"column\" data-e-type=\"column\">\n\t\t\t<div class=\"elementor-widget-wrap elementor-element-populated\">\n\t\t\t\t\t\t<div class=\"elementor-element elementor-element-0ba1c92 elementor-widget elementor-widget-image\" data-id=\"0ba1c92\" data-element_type=\"widget\" data-e-type=\"widget\" data-widget_type=\"image.default\">\n\t\t\t\t<div class=\"elementor-widget-container\">\n\t\t\t\t\t\t\t\t\t\t\t\t\t\t\t<img fetchpriority=\"high\" decoding=\"async\" width=\"433\" height=\"360\" src=\"https:\/\/innovapreven.cl\/web\/wp-content\/uploads\/2021\/11\/img_asesoria.jpg\" class=\"attachment-medium size-medium wp-image-1040\" alt=\"\" \/>\t\t\t\t\t\t\t\t\t\t\t\t\t\t\t<\/div>\n\t\t\t\t<\/div>\n\t\t\t\t\t<\/div>\n\t\t<\/div>\n\t\t\t\t<div class=\"elementor-column elementor-col-50 elementor-top-column elementor-element elementor-element-5c86197\" data-id=\"5c86197\" data-element_type=\"column\" data-e-type=\"column\" data-settings=\"{&quot;background_background&quot;:&quot;classic&quot;}\">\n\t\t\t<div class=\"elementor-widget-wrap elementor-element-populated\">\n\t\t\t\t\t\t<div class=\"elementor-element elementor-element-eaf5457 elementor-widget elementor-widget-text-editor\" data-id=\"eaf5457\" data-element_type=\"widget\" data-e-type=\"widget\" data-widget_type=\"text-editor.default\">\n\t\t\t\t<div class=\"elementor-widget-container\">\n\t\t\t\t\t\t\t\t\t<p>Estamos preparados para apoyarlos en la implementaci\u00f3n de la gesti\u00f3n de riesgos y desastres en los centros de trabajo, como lo indica la direcci\u00f3n del trabajo.<\/p>\t\t\t\t\t\t\t\t<\/div>\n\t\t\t\t<\/div>\n\t\t\t\t\t<\/div>\n\t\t<\/div>\n\t\t\t\t\t<\/div>\n\t\t<\/section>\n\t\t\t\t<section data-particle_enable=\"false\" data-particle-mobile-disabled=\"false\" class=\"elementor-section elementor-top-section elementor-element elementor-element-fcca832 elementor-section-boxed elementor-section-height-default elementor-section-height-default\" data-id=\"fcca832\" data-element_type=\"section\" data-e-type=\"section\" data-settings=\"{&quot;background_background&quot;:&quot;classic&quot;}\">\n\t\t\t\t\t\t<div class=\"elementor-container elementor-column-gap-default\">\n\t\t\t\t\t<div class=\"elementor-column elementor-col-100 elementor-top-column elementor-element elementor-element-3af4f6c\" data-id=\"3af4f6c\" data-element_type=\"column\" data-e-type=\"column\">\n\t\t\t<div class=\"elementor-widget-wrap elementor-element-populated\">\n\t\t\t\t\t\t<div class=\"elementor-element elementor-element-ec2d685 elementor-widget elementor-widget-text-editor\" data-id=\"ec2d685\" data-element_type=\"widget\" data-e-type=\"widget\" data-widget_type=\"text-editor.default\">\n\t\t\t\t<div class=\"elementor-widget-container\">\n\t\t\t\t\t\t\t\t\t<p><strong>CONSULTOR\u00cdA T\u00c9CNICA, ENTRENAMIENTO Y DESARROLLO DE SIMULACIONES DE EMERGENCIA.<\/strong><\/p><p>\u00a0<\/p><p>Hoy en d\u00eda las empresas se enfrentan a diversos escenarios de emergencias, para lo cual es necesario estar preparados y esto en InnovaPreven lo sabemos. Conjuntamente estamos preparados para apoyarlos en la implementaci\u00f3n de la gesti\u00f3n de riesgos y desastres en los centros de trabajo, como lo indica la direcci\u00f3n del trabajo.<\/p><p>Tambi\u00e9n sabemos que las necesidades de las empresas son todas diferentes y estas soluciones no pueden ser un proceso est\u00e1ndar.<\/p><p>Lo invitamos a reunirnos y desarrollar un plan adecuado a sus necesidades, con el respaldo internacional de FireWare y la experiencia de InnovaPreven, encontrando soluciones tecnol\u00f3gicas y de innovaci\u00f3n con la mayor seguridad.<\/p>\t\t\t\t\t\t\t\t<\/div>\n\t\t\t\t<\/div>\n\t\t\t\t\t<\/div>\n\t\t<\/div>\n\t\t\t\t\t<\/div>\n\t\t<\/section>\n\t\t\t\t<section data-particle_enable=\"false\" data-particle-mobile-disabled=\"false\" class=\"elementor-section elementor-top-section elementor-element elementor-element-cd98f7f elementor-section-boxed elementor-section-height-default elementor-section-height-default\" data-id=\"cd98f7f\" data-element_type=\"section\" data-e-type=\"section\">\n\t\t\t\t\t\t<div class=\"elementor-container elementor-column-gap-default\">\n\t\t\t\t\t<div class=\"elementor-column elementor-col-100 elementor-top-column elementor-element elementor-element-652ca84\" data-id=\"652ca84\" data-element_type=\"column\" data-e-type=\"column\">\n\t\t\t<div class=\"elementor-widget-wrap elementor-element-populated\">\n\t\t\t\t\t\t<div class=\"elementor-element elementor-element-c946823 elementor-align-center elementor-widget elementor-widget-button\" data-id=\"c946823\" data-element_type=\"widget\" data-e-type=\"widget\" data-widget_type=\"button.default\">\n\t\t\t\t<div class=\"elementor-widget-container\">\n\t\t\t\t\t\t\t\t\t<div class=\"elementor-button-wrapper\">\n\t\t\t\t\t<a class=\"elementor-button elementor-button-link elementor-size-sm\" href=\"https:\/\/innovapreven.cl\/web\/contacto\">\n\t\t\t\t\t\t<span class=\"elementor-button-content-wrapper\">\n\t\t\t\t\t\t<span class=\"elementor-button-icon\">\n\t\t\t\t<svg aria-hidden=\"true\" class=\"e-font-icon-svg e-fas-arrow-circle-right\" viewBox=\"0 0 512 512\" xmlns=\"http:\/\/www.w3.org\/2000\/svg\"><path d=\"M256 8c137 0 248 111 248 248S393 504 256 504 8 393 8 256 119 8 256 8zm-28.9 143.6l75.5 72.4H120c-13.3 0-24 10.7-24 24v16c0 13.3 10.7 24 24 24h182.6l-75.5 72.4c-9.7 9.3-9.9 24.8-.4 34.3l11 10.9c9.4 9.4 24.6 9.4 33.9 0L404.3 273c9.4-9.4 9.4-24.6 0-33.9L271.6 106.3c-9.4-9.4-24.6-9.4-33.9 0l-11 10.9c-9.5 9.6-9.3 25.1.4 34.4z\"><\/path><\/svg>\t\t\t<\/span>\n\t\t\t\t\t\t\t\t\t<span class=\"elementor-button-text\">Cont\u00e1ctanos<\/span>\n\t\t\t\t\t<\/span>\n\t\t\t\t\t<\/a>\n\t\t\t\t<\/div>\n\t\t\t\t\t\t\t\t<\/div>\n\t\t\t\t<\/div>\n\t\t\t\t\t<\/div>\n\t\t<\/div>\n\t\t\t\t\t<\/div>\n\t\t<\/section>\n\t\t\t\t<\/div>\n\t\t","protected":false},"excerpt":{"rendered":"<p>Consultor\u00eda T\u00e9cnica para Emergencias No siempre hay suficiente tiempo, conocimiento o material dentro de una organizaci\u00f3n para realizar una puesta en escena o simulaci\u00f3n espec\u00edfica, para los simulacros. InnovaPreven puede ayudarlo en esto, manteniendo como prioridad: La Seguridad Rapidez y flexibilidad de escenas en simulacros El respeto al medio ambiente y comunidades CONSULTOR\u00cdA T\u00c9CNICA PARA &hellip; <a href=\"https:\/\/innovapreven.cl\/web\/consultoria-tecnica-para-emergencias\/\" class=\"more-link\">Leer M\u00e1s <span class=\"screen-reader-text\">Consultor\u00eda T\u00e9cnica para Emergencias<\/span><\/a><\/p>\n","protected":false},"author":1,"featured_media":0,"parent":0,"menu_order":0,"comment_status":"closed","ping_status":"closed","template":"","meta":{"footnotes":""},"class_list":["post-231","page","type-page","status-publish","hentry"],"_links":{"self":[{"href":"https:\/\/innovapreven.cl\/web\/wp-json\/wp\/v2\/pages\/231","targetHints":{"allow":["GET"]}}],"collection":[{"href":"https:\/\/innovapreven.cl\/web\/wp-json\/wp\/v2\/pages"}],"about":[{"href":"https:\/\/innovapreven.cl\/web\/wp-json\/wp\/v2\/types\/page"}],"author":[{"embeddable":true,"href":"https:\/\/innovapreven.cl\/web\/wp-json\/wp\/v2\/users\/1"}],"replies":[{"embeddable":true,"href":"https:\/\/innovapreven.cl\/web\/wp-json\/wp\/v2\/comments?post=231"}],"version-history":[{"count":32,"href":"https:\/\/innovapreven.cl\/web\/wp-json\/wp\/v2\/pages\/231\/revisions"}],"predecessor-version":[{"id":1477,"href":"https:\/\/innovapreven.cl\/web\/wp-json\/wp\/v2\/pages\/231\/revisions\/1477"}],"wp:attachment":[{"href":"https:\/\/innovapreven.cl\/web\/wp-json\/wp\/v2\/media?parent=231"}],"curies":[{"name":"wp","href":"https:\/\/api.w.org\/{rel}","templated":true}]}}