{"id":331,"date":"2021-11-29T02:50:20","date_gmt":"2021-11-29T05:50:20","guid":{"rendered":"https:\/\/innovapreven.cl\/web\/producto\/motor-electrico-adicional\/"},"modified":"2021-11-29T03:09:46","modified_gmt":"2021-11-29T06:09:46","slug":"motor-electrico-adicional","status":"publish","type":"product","link":"https:\/\/innovapreven.cl\/web\/producto\/motor-electrico-adicional\/","title":{"rendered":"Motor el\u00e9ctrico adicional"},"content":{"rendered":"<p>Simule de forma segura un incendio en un motor el\u00e9ctrico para los ejercicios.<br \/>\nEl motor el\u00e9ctrico adicional es un accesorio para FireWare Vesta. \u00a1Este motor el\u00e9ctrico se puede colocar f\u00e1cilmente encima del entrenador de extinci\u00f3n y ofrece un entrenamiento de extinci\u00f3n desafiante! El dise\u00f1o inteligente permite empaquetar y mover este accesorio f\u00e1cilmente en la caja de pl\u00e1stico suministrada. La caja tiene unas medidas de transporte muy pr\u00e1cticas de 60 x 40 x 44 cm. Elaborado con acero inoxidable de primera calidad.<\/p>\n<p><strong>CARACTER\u00cdSTICAS T\u00c9CNICAS:<\/strong><\/p>\n","protected":false},"excerpt":{"rendered":"<p>Se puede colocar encima del Vesta.<br \/>\nRepresenta un fuego el\u00e9ctrico desafiante<br \/>\nAcero inoxidable de primera calidad<br \/>\nIncluye una caja de pl\u00e1stico de 60 * 40 * 44 cm.<\/p>\n","protected":false},"featured_media":329,"template":"","meta":[],"product_brand":[],"product_cat":[24],"product_tag":[],"class_list":{"0":"post-331","1":"product","2":"type-product","3":"status-publish","4":"has-post-thumbnail","6":"product_cat-entrenamiento-fuego-gas","7":"pa_fabricante-fireware","8":"pa_sku-fireware-049-012-005","11":"instock","12":"sold-individually","13":"product-type-simple"},"_links":{"self":[{"href":"https:\/\/innovapreven.cl\/web\/wp-json\/wp\/v2\/product\/331","targetHints":{"allow":["GET"]}}],"collection":[{"href":"https:\/\/innovapreven.cl\/web\/wp-json\/wp\/v2\/product"}],"about":[{"href":"https:\/\/innovapreven.cl\/web\/wp-json\/wp\/v2\/types\/product"}],"version-history":[{"count":1,"href":"https:\/\/innovapreven.cl\/web\/wp-json\/wp\/v2\/product\/331\/revisions"}],"predecessor-version":[{"id":694,"href":"https:\/\/innovapreven.cl\/web\/wp-json\/wp\/v2\/product\/331\/revisions\/694"}],"wp:featuredmedia":[{"embeddable":true,"href":"https:\/\/innovapreven.cl\/web\/wp-json\/wp\/v2\/media\/329"}],"wp:attachment":[{"href":"https:\/\/innovapreven.cl\/web\/wp-json\/wp\/v2\/media?parent=331"}],"wp:term":[{"taxonomy":"product_brand","embeddable":true,"href":"https:\/\/innovapreven.cl\/web\/wp-json\/wp\/v2\/product_brand?post=331"},{"taxonomy":"product_cat","embeddable":true,"href":"https:\/\/innovapreven.cl\/web\/wp-json\/wp\/v2\/product_cat?post=331"},{"taxonomy":"product_tag","embeddable":true,"href":"https:\/\/innovapreven.cl\/web\/wp-json\/wp\/v2\/product_tag?post=331"}],"curies":[{"name":"wp","href":"https:\/\/api.w.org\/{rel}","templated":true}]}}