{"id":636,"date":"2021-11-29T02:50:15","date_gmt":"2021-11-29T05:50:15","guid":{"rendered":"https:\/\/innovapreven.cl\/web\/producto\/blustrainer-solido-2\/"},"modified":"2021-11-29T03:09:44","modified_gmt":"2021-11-29T06:09:44","slug":"blustrainer-solido","status":"publish","type":"product","link":"https:\/\/innovapreven.cl\/web\/producto\/blustrainer-solido\/","title":{"rendered":"Blustrainer s\u00f3lido"},"content":{"rendered":"<p>Entrenador de extinci\u00f3n de incendios con material s\u00f3lido<br \/>\nEl Solid es un entrenador de extintores completamente aut\u00f3nomo, de buena calidad por un peque\u00f1o presupuesto. El s\u00f3lido le permite simular un incendio de material s\u00f3lido en menos de un momento. Con solo 1 bar de presi\u00f3n de gas ya tendr\u00e1s un buen fuego. Complete la puesta en escena arrojando algunos troncos reales o troncos falsos al fuego.<\/p>\n<p>Solid es f\u00e1cil de usar. Conecta la manguera de gas, presiona el mango y enciende el entrenador del extintor con un quemador especial (excluido). Las llamas se detienen cuando el instructor interrumpe el suministro de gas con la manija de la manguera de gas.<\/p>\n<p><strong>CARACTER\u00cdSTICAS T\u00c9CNICAS:<\/strong><\/p>\n","protected":false},"excerpt":{"rendered":"<p>Entrenador de extintor aut\u00f3nomo para un incendio de material s\u00f3lido.<br \/>\nEncendido manual.<br \/>\nExtinguir con CO2, espuma o agua.<br \/>\nYa funciona con solo 1 bar de presi\u00f3n.<br \/>\nH\u00e1galo m\u00e1s realista con troncos reales o troncos de madera falsos<br \/>\nIncluye caja de pl\u00e1stico de 60 * 40 * 32,5 cm.<br \/>\nIncluye manguera de gas.<\/p>\n","protected":false},"featured_media":273,"template":"","meta":[],"product_brand":[],"product_cat":[20],"product_tag":[],"class_list":{"0":"post-636","1":"product","2":"type-product","3":"status-publish","4":"has-post-thumbnail","6":"product_cat-simulacion-de-fuego","7":"pa_fabricante-fireware","8":"pa_sku-fireware-049-092-012","11":"instock","12":"sold-individually","13":"product-type-simple"},"_links":{"self":[{"href":"https:\/\/innovapreven.cl\/web\/wp-json\/wp\/v2\/product\/636","targetHints":{"allow":["GET"]}}],"collection":[{"href":"https:\/\/innovapreven.cl\/web\/wp-json\/wp\/v2\/product"}],"about":[{"href":"https:\/\/innovapreven.cl\/web\/wp-json\/wp\/v2\/types\/product"}],"version-history":[{"count":0,"href":"https:\/\/innovapreven.cl\/web\/wp-json\/wp\/v2\/product\/636\/revisions"}],"wp:featuredmedia":[{"embeddable":true,"href":"https:\/\/innovapreven.cl\/web\/wp-json\/wp\/v2\/media\/273"}],"wp:attachment":[{"href":"https:\/\/innovapreven.cl\/web\/wp-json\/wp\/v2\/media?parent=636"}],"wp:term":[{"taxonomy":"product_brand","embeddable":true,"href":"https:\/\/innovapreven.cl\/web\/wp-json\/wp\/v2\/product_brand?post=636"},{"taxonomy":"product_cat","embeddable":true,"href":"https:\/\/innovapreven.cl\/web\/wp-json\/wp\/v2\/product_cat?post=636"},{"taxonomy":"product_tag","embeddable":true,"href":"https:\/\/innovapreven.cl\/web\/wp-json\/wp\/v2\/product_tag?post=636"}],"curies":[{"name":"wp","href":"https:\/\/api.w.org\/{rel}","templated":true}]}}