{"id":637,"date":"2021-11-29T02:50:15","date_gmt":"2021-11-29T05:50:15","guid":{"rendered":"https:\/\/innovapreven.cl\/web\/producto\/hibrido-blustrainer-2\/"},"modified":"2021-11-29T03:09:44","modified_gmt":"2021-11-29T06:09:44","slug":"hibrido-blustrainer","status":"publish","type":"product","link":"https:\/\/innovapreven.cl\/web\/producto\/hibrido-blustrainer\/","title":{"rendered":"H\u00edbrido Blustrainer"},"content":{"rendered":"<p>Entrenador de extintores para practicar t\u00e9cnicas de extinci\u00f3n.<br \/>\nEl h\u00edbrido se puede utilizar para simular un incendio para practicar varias t\u00e9cnicas de extinci\u00f3n. Una caracter\u00edstica \u00fanica del Hybrid es que se puede utilizar con agua o sin ella. Las llamas son amplias y din\u00e1micas cuando se usa agua, pero sin el agua el fuego tambi\u00e9n es completo, gracias a la placa inferior de acero inoxidable perforada \u00fanica.<\/p>\n<p>Los estudiantes pueden extinguir usando CO2, espuma o agua. Las llamas se desvanecer\u00e1n cuando el instructor detenga el flujo de gas con la manija de la manguera de gas. La espuma que queda se puede drenar f\u00e1cilmente a trav\u00e9s de los orificios en el costado del entrenador del extintor. El h\u00edbrido es adecuado para diferentes tipos de gas, como propano, glp y butano, siempre que entre en el entrenador del extintor en forma de gas.<\/p>\n<p>La construcci\u00f3n est\u00e1 hecha de fuertes lados de aluminio y el gabinete est\u00e1 hecho completamente de placa de rodadura. A pesar de estos materiales fuertes, solo pesa 14 kilos. El h\u00edbrido lo puede configurar una persona y est\u00e1 operativo en cuesti\u00f3n de minutos. Conecta la manguera de gas, aprieta el mango y enciende el entrenador del extintor con el destilador especial (excluido). Mientras el instructor apriete el mango, el fuego seguir\u00e1 ardiendo.<\/p>\n<p><strong>CARACTER\u00cdSTICAS T\u00c9CNICAS:<\/strong><\/p>\n","protected":false},"excerpt":{"rendered":"<p>Entrenador de extinci\u00f3n para varios incendios diferentes.<br \/>\nFunciona con o sin agua.<br \/>\nOperacional en varios minutos.<br \/>\nPlaca inferior de acero inoxidable perforada \u00fanica.<br \/>\nExtinguir con CO2, espuma o agua.<br \/>\nLaterales de aluminio resistente.<br \/>\nRecinto completo de la placa de rodadura.<br \/>\nEncendido a mano.<br \/>\nIncluye manguera de gas<\/p>\n","protected":false},"featured_media":280,"template":"","meta":[],"product_brand":[],"product_cat":[20],"product_tag":[],"class_list":{"0":"post-637","1":"product","2":"type-product","3":"status-publish","4":"has-post-thumbnail","6":"product_cat-simulacion-de-fuego","7":"pa_fabricante-fireware","8":"pa_sku-fireware-049-092-001","11":"instock","12":"sold-individually","13":"product-type-simple"},"_links":{"self":[{"href":"https:\/\/innovapreven.cl\/web\/wp-json\/wp\/v2\/product\/637","targetHints":{"allow":["GET"]}}],"collection":[{"href":"https:\/\/innovapreven.cl\/web\/wp-json\/wp\/v2\/product"}],"about":[{"href":"https:\/\/innovapreven.cl\/web\/wp-json\/wp\/v2\/types\/product"}],"version-history":[{"count":0,"href":"https:\/\/innovapreven.cl\/web\/wp-json\/wp\/v2\/product\/637\/revisions"}],"wp:featuredmedia":[{"embeddable":true,"href":"https:\/\/innovapreven.cl\/web\/wp-json\/wp\/v2\/media\/280"}],"wp:attachment":[{"href":"https:\/\/innovapreven.cl\/web\/wp-json\/wp\/v2\/media?parent=637"}],"wp:term":[{"taxonomy":"product_brand","embeddable":true,"href":"https:\/\/innovapreven.cl\/web\/wp-json\/wp\/v2\/product_brand?post=637"},{"taxonomy":"product_cat","embeddable":true,"href":"https:\/\/innovapreven.cl\/web\/wp-json\/wp\/v2\/product_cat?post=637"},{"taxonomy":"product_tag","embeddable":true,"href":"https:\/\/innovapreven.cl\/web\/wp-json\/wp\/v2\/product_tag?post=637"}],"curies":[{"name":"wp","href":"https:\/\/api.w.org\/{rel}","templated":true}]}}