{"id":642,"date":"2021-11-29T02:50:15","date_gmt":"2021-11-29T05:50:15","guid":{"rendered":"https:\/\/innovapreven.cl\/web\/producto\/simulador-de-explosiones-2\/"},"modified":"2021-11-29T03:09:44","modified_gmt":"2021-11-29T06:09:44","slug":"simulador-de-explosiones","status":"publish","type":"product","link":"https:\/\/innovapreven.cl\/web\/producto\/simulador-de-explosiones\/","title":{"rendered":"Simulador de explosiones"},"content":{"rendered":"<p>Explosi\u00f3n de hasta 120 decibeles<br \/>\nCon el Simulador de explosi\u00f3n electr\u00f3nica, puede simular el sonido de una explosi\u00f3n hasta 120 decibeles de una manera legalmente aceptable. Es posible simular una explosi\u00f3n con solo presionar un bot\u00f3n. El intervalo de explosi\u00f3n se regula electr\u00f3nicamente mediante un temporizador incorporado.<\/p>\n<p>Puede controlar el volumen deslizando el ca\u00f1\u00f3n hacia adentro o hacia afuera. El efecto de sonido es impresionante y hace vibrar la zona &#8230; Por lo tanto, el equipo no es adecuado para uso en interiores. El Simulador de explosi\u00f3n tiene una v\u00e1lvula reguladora y funciona con una botella de propano normal, que no se proporciona. Se proporcionan una bater\u00eda, cargador y control remoto.<\/p>\n<p><strong>CARACTER\u00cdSTICAS T\u00c9CNICAS:<\/strong><\/p>\n<p>Panel de control en el dispositivo, control remoto con cable (incluido)<br \/>\nVolumen<br \/>\n120 dB<br \/>\nTipo de Bater\u00eda<br \/>\nPaquete de baterias recargables<\/p>\n","protected":false},"excerpt":{"rendered":"<p>Simulando explosiones a 120 decibelios.<br \/>\nCon un solo toque de un bot\u00f3n.<br \/>\nIntervalo y volumen ajustable.<br \/>\nIncluye v\u00e1lvula reductora, bater\u00eda y cargador.<br \/>\nFunciona con propano.<br \/>\nNo apto para uso en interiores.<br \/>\nSe incluye control remoto.<\/p>\n","protected":false},"featured_media":290,"template":"","meta":[],"product_brand":[],"product_cat":[22],"product_tag":[],"class_list":{"0":"post-642","1":"product","2":"type-product","3":"status-publish","4":"has-post-thumbnail","6":"product_cat-simuladores-de-sonido","7":"pa_fabricante-fireware","8":"pa_sku-fireware-025-026-003","11":"instock","12":"sold-individually","13":"product-type-simple"},"_links":{"self":[{"href":"https:\/\/innovapreven.cl\/web\/wp-json\/wp\/v2\/product\/642","targetHints":{"allow":["GET"]}}],"collection":[{"href":"https:\/\/innovapreven.cl\/web\/wp-json\/wp\/v2\/product"}],"about":[{"href":"https:\/\/innovapreven.cl\/web\/wp-json\/wp\/v2\/types\/product"}],"version-history":[{"count":0,"href":"https:\/\/innovapreven.cl\/web\/wp-json\/wp\/v2\/product\/642\/revisions"}],"wp:featuredmedia":[{"embeddable":true,"href":"https:\/\/innovapreven.cl\/web\/wp-json\/wp\/v2\/media\/290"}],"wp:attachment":[{"href":"https:\/\/innovapreven.cl\/web\/wp-json\/wp\/v2\/media?parent=642"}],"wp:term":[{"taxonomy":"product_brand","embeddable":true,"href":"https:\/\/innovapreven.cl\/web\/wp-json\/wp\/v2\/product_brand?post=642"},{"taxonomy":"product_cat","embeddable":true,"href":"https:\/\/innovapreven.cl\/web\/wp-json\/wp\/v2\/product_cat?post=642"},{"taxonomy":"product_tag","embeddable":true,"href":"https:\/\/innovapreven.cl\/web\/wp-json\/wp\/v2\/product_tag?post=642"}],"curies":[{"name":"wp","href":"https:\/\/api.w.org\/{rel}","templated":true}]}}