{"id":647,"date":"2021-11-29T02:50:15","date_gmt":"2021-11-29T05:50:15","guid":{"rendered":"https:\/\/innovapreven.cl\/web\/producto\/fuego-de-brida-independiente-3\/"},"modified":"2021-11-29T03:09:44","modified_gmt":"2021-11-29T06:09:44","slug":"fuego-de-brida-independiente","status":"publish","type":"product","link":"https:\/\/innovapreven.cl\/web\/producto\/fuego-de-brida-independiente\/","title":{"rendered":"Fuego de brida independiente"},"content":{"rendered":"<p>Haga un fuego de brida de forma segura para ejercicios<br \/>\nEl complemento Flange Fire es un accesorio para FireWare Vesta. El Flange Fire es un accesorio activo. Esto significa que puede adjuntarlo a la salida adicional de Vesta. Posteriormente, la ignici\u00f3n tendr\u00e1 lugar a trav\u00e9s del Vesta dirigiendo la salida de gas hacia el Vesta en llamas.<\/p>\n<p>El complemento Flange Fire ofrece un entrenamiento OGS desafiante. Al cerrar el grifo del gas, se apaga el suministro de gas simulado, el instructor suelta el pellizco y el ejercicio es un \u00e9xito.<\/p>\n<p>El dise\u00f1o inteligente permite empaquetar y mover este accesorio f\u00e1cilmente en la caja de pl\u00e1stico suministrada. La caja tiene unas medidas de transporte muy pr\u00e1cticas de 60 * 40 * 44 cm. Elaborado con acero inoxidable de primera calidad. Tambi\u00e9n disponible como versi\u00f3n independiente.<\/p>\n<p><strong>CARACTER\u00cdSTICAS T\u00c9CNICAS:<\/strong><\/p>\n","protected":false},"excerpt":{"rendered":"<p>Se puede colocar al lado y encima  del Vesta.<br \/>\nEstar\u00e1 conectado a la salida de gas adicional de Vesta.<br \/>\nCon v\u00e1lvula de gas que se puede cerrar.<br \/>\nAcero inoxidable de primera calidad.<br \/>\nIncluye caja de pl\u00e1stico de 60 * 40 * 44 cm.<\/p>\n","protected":false},"featured_media":0,"template":"","meta":[],"product_brand":[],"product_cat":[24],"product_tag":[],"class_list":{"0":"post-647","1":"product","2":"type-product","3":"status-publish","5":"product_cat-entrenamiento-fuego-gas","6":"pa_fabricante-fireware","7":"pa_sku-fireware-049-012-002","10":"instock","11":"sold-individually","12":"product-type-simple"},"_links":{"self":[{"href":"https:\/\/innovapreven.cl\/web\/wp-json\/wp\/v2\/product\/647","targetHints":{"allow":["GET"]}}],"collection":[{"href":"https:\/\/innovapreven.cl\/web\/wp-json\/wp\/v2\/product"}],"about":[{"href":"https:\/\/innovapreven.cl\/web\/wp-json\/wp\/v2\/types\/product"}],"version-history":[{"count":0,"href":"https:\/\/innovapreven.cl\/web\/wp-json\/wp\/v2\/product\/647\/revisions"}],"wp:attachment":[{"href":"https:\/\/innovapreven.cl\/web\/wp-json\/wp\/v2\/media?parent=647"}],"wp:term":[{"taxonomy":"product_brand","embeddable":true,"href":"https:\/\/innovapreven.cl\/web\/wp-json\/wp\/v2\/product_brand?post=647"},{"taxonomy":"product_cat","embeddable":true,"href":"https:\/\/innovapreven.cl\/web\/wp-json\/wp\/v2\/product_cat?post=647"},{"taxonomy":"product_tag","embeddable":true,"href":"https:\/\/innovapreven.cl\/web\/wp-json\/wp\/v2\/product_tag?post=647"}],"curies":[{"name":"wp","href":"https:\/\/api.w.org\/{rel}","templated":true}]}}