{"id":660,"date":"2021-11-29T02:50:20","date_gmt":"2021-11-29T05:50:20","guid":{"rendered":"https:\/\/innovapreven.cl\/web\/producto\/fireware-fusion-2\/"},"modified":"2021-11-29T03:09:46","modified_gmt":"2021-11-29T06:09:46","slug":"fireware-fusion","status":"publish","type":"product","link":"https:\/\/innovapreven.cl\/web\/producto\/fireware-fusion\/","title":{"rendered":"FireWare Fusion"},"content":{"rendered":"<p>Resistente al agua con 45 efectos de sonido.<br \/>\nSonidos de fuego y chispas. Un perro que ladra. Gente sollozando o un beb\u00e9 llorando. Gritos de ayuda en varios idiomas. Estos son solo algunos de los sonidos que se pueden simular con FireWare SoundBox V3. Esta caja de sonido incluye una licencia para usar m\u00e1s de 45 efectos de sonido FireWare espec\u00edficamente para la puesta en escena. Confronte a los estudiantes con un colapso detr\u00e1s de ellos o una explosi\u00f3n en alg\u00fan lugar del edificio. \u00bfReaccionan adecuadamente al sonido de una fuga de l\u00edquido o gas? \u00a1Entrena escenarios muy diversos y desafiantes con este altavoz!<\/p>\n<p>Robusto e impermeable<br \/>\nSoundBox V3 es resistente al agua IP65 y muy robusto. Esto lo convierte en la herramienta perfecta para agregar efectos de sonido a ejercicios que involucran agua. El altavoz est\u00e1 completamente sellado y la cubierta protege los controles y la pantalla.<\/p>\n<p>Operaci\u00f3n pr\u00e1ctica<br \/>\nCon el software especial FireWare, operar el SoundBox V3 es pan comido. La estructura avanzada del men\u00fa y la pantalla clara facilitan la b\u00fasqueda del sonido adecuado. Incluso es posible poner los sonidos en un orden especial mediante una lista de reproducci\u00f3n. \u00a1Primero una explosi\u00f3n y luego un incendio!<\/p>\n<p>Varias cajas de sonido en una red wifi<br \/>\nDurante una buena puesta en escena, el sonido proviene de varias direcciones. El sonido del fuego que viene de enfrente, los gritos de auxilio de la primera v\u00edctima en una habitaci\u00f3n vecina, y tal vez incluso el ladrido de un perro en alguna parte &#8230; Al colocar varios SoundBoxes en una red Wi-Fi, puede crear una experiencia de sonido extremadamente realista durante el ejercicio. \u00a1Y como instructor, puedes controlar todos los sonidos con una sola aplicaci\u00f3n! La gran ventaja del wifi es que las distancias que se pueden salvar durante un ejercicio son muchas veces mayores que con bluetooth.<\/p>\n<p>Usa tus propios sonidos<br \/>\nSoundBox V3 viene con una licencia para usar m\u00e1s de 45 sonidos realistas en 6 idiomas que puede usar durante un ejercicio. \u00bfTu sonido no est\u00e1 incluido? \u00a1Entonces puede incluso transmitir sus propios sonidos directamente a la caja de sonido a trav\u00e9s de su tel\u00e9fono inteligente!<\/p>\n<p>S\u00f3lidamente embalado<br \/>\nEl equipo de ejercicio se utiliza en condiciones dif\u00edciles. Naturalmente, SoundBox V3 es extremadamente duradero. Pero para evitar da\u00f1os durante el transporte y almacenamiento, el SoundBox V3 se entrega en una caja de pl\u00e1stico con un interior de espuma a juego. El cargador de bater\u00eda suministrado tambi\u00e9n se puede guardar de forma ordenada en la caja. \u00bfY el manual de usuario? Les proporcionamos digitalmente un c\u00f3digo QR en la m\u00e1quina. \u00a1Muy \u00fatil, por lo que nunca m\u00e1s lo perder\u00e1!<\/p>\n<p>Puesta en escena completa<br \/>\nCon SoundBox V3, puede organizar de manera realista varios escenarios. Por ejemplo, la simulaci\u00f3n de un incendio. Cuando los hombres entran en una habitaci\u00f3n, escuchan d\u00f3nde est\u00e1 el fuego. O escuchan a una v\u00edctima gritando y se acercan a \u00e9l a trav\u00e9s del denso humo. Pero tambi\u00e9n puede agregar sonidos de fuego a una simulaci\u00f3n con Phoenix Silkflame en combinaci\u00f3n con una m\u00e1quina de humo Cumulus, por ejemplo. Una cosa es segura: con SoundBox V3, tiene garantizados efectos de sonido realistas en su puesta en escena.<\/p>\n<p><strong>CARACTER\u00cdSTICAS T\u00c9CNICAS:<\/strong><\/p>\n","protected":false},"excerpt":{"rendered":"<p>IP65 a prueba de agua<br \/>\n45 efectos de sonido incorporados para la puesta en escena<br \/>\nImporte sus propios sonidos a trav\u00e9s de su tel\u00e9fono inteligente<br \/>\nControl a trav\u00e9s de la aplicaci\u00f3n wifi o en la m\u00e1quina.<br \/>\nSe pueden colocar m\u00faltiples SoundBoxes V3 en una red wifi<br \/>\nEquipado con bater\u00eda y cargador.<br \/>\nSe suministra en estuche de transporte de pl\u00e1stico de 40 x 20 x 13 cm con interior de espum<\/p>\n","protected":false},"featured_media":349,"template":"","meta":[],"product_brand":[],"product_cat":[26],"product_tag":[],"class_list":{"0":"post-660","1":"product","2":"type-product","3":"status-publish","4":"has-post-thumbnail","6":"product_cat-simulacion-de-sonido-de-emergencias","7":"pa_fabricante-fireware","8":"pa_sku-fireware-r-10159","11":"instock","12":"sold-individually","13":"product-type-simple"},"_links":{"self":[{"href":"https:\/\/innovapreven.cl\/web\/wp-json\/wp\/v2\/product\/660","targetHints":{"allow":["GET"]}}],"collection":[{"href":"https:\/\/innovapreven.cl\/web\/wp-json\/wp\/v2\/product"}],"about":[{"href":"https:\/\/innovapreven.cl\/web\/wp-json\/wp\/v2\/types\/product"}],"version-history":[{"count":0,"href":"https:\/\/innovapreven.cl\/web\/wp-json\/wp\/v2\/product\/660\/revisions"}],"wp:featuredmedia":[{"embeddable":true,"href":"https:\/\/innovapreven.cl\/web\/wp-json\/wp\/v2\/media\/349"}],"wp:attachment":[{"href":"https:\/\/innovapreven.cl\/web\/wp-json\/wp\/v2\/media?parent=660"}],"wp:term":[{"taxonomy":"product_brand","embeddable":true,"href":"https:\/\/innovapreven.cl\/web\/wp-json\/wp\/v2\/product_brand?post=660"},{"taxonomy":"product_cat","embeddable":true,"href":"https:\/\/innovapreven.cl\/web\/wp-json\/wp\/v2\/product_cat?post=660"},{"taxonomy":"product_tag","embeddable":true,"href":"https:\/\/innovapreven.cl\/web\/wp-json\/wp\/v2\/product_tag?post=660"}],"curies":[{"name":"wp","href":"https:\/\/api.w.org\/{rel}","templated":true}]}}