{"id":671,"date":"2021-11-29T02:50:20","date_gmt":"2021-11-29T05:50:20","guid":{"rendered":"https:\/\/innovapreven.cl\/web\/producto\/smoky-multi-socket-2\/"},"modified":"2021-11-29T03:09:47","modified_gmt":"2021-11-29T06:09:47","slug":"smoky-multi-socket","status":"publish","type":"product","link":"https:\/\/innovapreven.cl\/web\/producto\/smoky-multi-socket\/","title":{"rendered":"Smoky Multi Socket"},"content":{"rendered":"<p>El enchufe m\u00faltiple ahumado<br \/>\nEl Smoky Multi Socket se ve y funciona como un enchufe m\u00faltiple. Pero cuando se enciende el interruptor del control remoto con cable conectado, el enchufe comienza a humear y a crujir suavemente. Se inicia un cortocircuito &#8230; Cuando se quita el enchufe de la toma, el efecto se detiene r\u00e1pidamente. Despu\u00e9s de todo, el &#8220;peligro&#8221; ha disminuido.<\/p>\n<p>El Smoky Multi Socket es muy adecuado para clases pr\u00e1cticas y te\u00f3ricas. Despu\u00e9s de todo, el enchufe m\u00faltiple puede extender cualquier cosa, desde una batidora de mano en una cocina hasta la computadora port\u00e1til de un profesor durante una clase te\u00f3rica. \u00a1Pon a prueba la respuesta de tus estudiantes con este enchufe m\u00faltiple \u00fanico para fumar!<\/p>\n<p>El enchufe m\u00faltiple tiene 6 tomas de corriente, que est\u00e1n funcionando. Un peque\u00f1o generador de humo est\u00e1 integrado entre los contactos. Cuando el elemento de humo est\u00e1 encendido, la luz LED est\u00e1 encendida. Se suministra una jeringa para llenar el generador. Incluye una botella de Cirrus Smoke Fluid (10 ml.).<\/p>\n<p><strong>CARACTER\u00cdSTICAS T\u00c9CNICAS:<\/strong><\/p>\n<p>230 V<br \/>\nPanel de control en el dispositivo<br \/>\nLed, enchufe de alimentaci\u00f3n<\/p>\n","protected":false},"excerpt":{"rendered":"<p>Utilice \u00fanicamente Cirrus Smoke Fluid<br \/>\nFumar enchufe m\u00faltiple.<br \/>\nProduce un crujido.<br \/>\nLuz LED de encendido \/ apagado.<br \/>\nIncluye l\u00edquido de humo y regulador.<\/p>\n","protected":false},"featured_media":395,"template":"","meta":[],"product_brand":[],"product_cat":[19],"product_tag":[],"class_list":{"0":"post-671","1":"product","2":"type-product","3":"status-publish","4":"has-post-thumbnail","6":"product_cat-generadores-de-humo","7":"pa_fabricante-fireware","8":"pa_sku-fireware-63","11":"instock","12":"sold-individually","13":"product-type-simple"},"_links":{"self":[{"href":"https:\/\/innovapreven.cl\/web\/wp-json\/wp\/v2\/product\/671","targetHints":{"allow":["GET"]}}],"collection":[{"href":"https:\/\/innovapreven.cl\/web\/wp-json\/wp\/v2\/product"}],"about":[{"href":"https:\/\/innovapreven.cl\/web\/wp-json\/wp\/v2\/types\/product"}],"version-history":[{"count":0,"href":"https:\/\/innovapreven.cl\/web\/wp-json\/wp\/v2\/product\/671\/revisions"}],"wp:featuredmedia":[{"embeddable":true,"href":"https:\/\/innovapreven.cl\/web\/wp-json\/wp\/v2\/media\/395"}],"wp:attachment":[{"href":"https:\/\/innovapreven.cl\/web\/wp-json\/wp\/v2\/media?parent=671"}],"wp:term":[{"taxonomy":"product_brand","embeddable":true,"href":"https:\/\/innovapreven.cl\/web\/wp-json\/wp\/v2\/product_brand?post=671"},{"taxonomy":"product_cat","embeddable":true,"href":"https:\/\/innovapreven.cl\/web\/wp-json\/wp\/v2\/product_cat?post=671"},{"taxonomy":"product_tag","embeddable":true,"href":"https:\/\/innovapreven.cl\/web\/wp-json\/wp\/v2\/product_tag?post=671"}],"curies":[{"name":"wp","href":"https:\/\/api.w.org\/{rel}","templated":true}]}}